{"id":4986,"date":"2024-04-14T19:44:54","date_gmt":"2024-04-14T19:44:54","guid":{"rendered":"https:\/\/econoasia.com\/ve-chung-toi\/"},"modified":"2024-04-24T15:44:24","modified_gmt":"2024-04-24T15:44:24","slug":"contact-us-2","status":"publish","type":"page","link":"https:\/\/econoasia.com\/vi\/contact-us-2\/","title":{"rendered":"V\u1ec1 ch\u00fang t\u00f4i"},"content":{"rendered":"\t\t<div data-elementor-type=\"wp-page\" data-elementor-id=\"4986\" class=\"elementor elementor-4986 elementor-2400\">\n\t\t\t\t\t\t<section class=\"elementor-section elementor-top-section elementor-element elementor-element-36a3316 elementor-section-boxed elementor-section-height-default elementor-section-height-default\" data-id=\"36a3316\" data-element_type=\"section\" data-e-type=\"section\">\n\t\t\t\t\t\t<div class=\"elementor-container elementor-column-gap-custom\">\n\t\t\t\t\t<div class=\"elementor-column elementor-col-66 elementor-top-column elementor-element elementor-element-f24c0cd\" data-id=\"f24c0cd\" data-element_type=\"column\" data-e-type=\"column\">\n\t\t\t<div class=\"elementor-widget-wrap elementor-element-populated\">\n\t\t\t\t\t\t<div class=\"elementor-element elementor-element-0d7598a elementor-widget elementor-widget-heading\" data-id=\"0d7598a\" data-element_type=\"widget\" data-e-type=\"widget\" data-widget_type=\"heading.default\">\n\t\t\t\t<div class=\"elementor-widget-container\">\n\t\t\t\t\t<h2 class=\"elementor-heading-title elementor-size-default\">V\u1ec1 ch\u00fang t\u00f4i<\/h2>\t\t\t\t<\/div>\n\t\t\t\t<\/div>\n\t\t\t\t\t<\/div>\n\t\t<\/div>\n\t\t\t\t<div class=\"elementor-column elementor-col-33 elementor-top-column elementor-element elementor-element-8207d03 rb-sticky is-sidebar\" data-id=\"8207d03\" data-element_type=\"column\" data-e-type=\"column\">\n\t\t\t<div class=\"elementor-widget-wrap\">\n\t\t\t\t\t\t\t<\/div>\n\t\t<\/div>\n\t\t\t\t\t<\/div>\n\t\t<\/section>\n\t\t\t\t<section class=\"elementor-section elementor-top-section elementor-element elementor-element-57a49ed8 elementor-section-boxed elementor-section-height-default elementor-section-height-default\" data-id=\"57a49ed8\" data-element_type=\"section\" data-e-type=\"section\">\n\t\t\t\t\t\t<div class=\"elementor-container elementor-column-gap-custom\">\n\t\t\t\t\t<div class=\"elementor-column elementor-col-66 elementor-top-column elementor-element elementor-element-5265ebde\" data-id=\"5265ebde\" data-element_type=\"column\" data-e-type=\"column\">\n\t\t\t<div class=\"elementor-widget-wrap elementor-element-populated\">\n\t\t\t\t\t\t<div class=\"elementor-element elementor-element-136192f1 elementor-widget elementor-widget-text-editor\" data-id=\"136192f1\" data-element_type=\"widget\" data-e-type=\"widget\" data-widget_type=\"text-editor.default\">\n\t\t\t\t<div class=\"elementor-widget-container\">\n\t\t\t\t\t\t\t\t\t<h2>Gi\u1edbi thi\u1ec7u v\u1ec1 Econo Asia\u2122<\/h2>\n<p>Econo Asia\u2122 xu\u1ea5t b\u1ea3n tin t\u1ee9c v\u1ec1 tri\u1ec3n v\u1ecdng kinh t\u1ebf c\u1ee7a ch\u00e2u \u00c1, t\u1eadp trung v\u00e0o T\u00e0i ch\u00ednh, C\u00f4ng ngh\u1ec7 t\u00e0i ch\u00ednh v\u00e0 Th\u1ecb tr\u01b0\u1eddng ch\u1ee9ng kho\u00e1n. Tin t\u1ee9c \u0111\u01b0\u1ee3c t\u1ed5ng h\u1ee3p v\u00e0 xu\u1ea5t b\u1ea3n ngay khi c\u00f3 tr\u00ean web. Econo Asia\u2122 l\u00e0 m\u1ed9t ph\u1ea7n c\u1ee7a M\u1ea1ng truy\u1ec1n th\u00f4ng GroupWeb. Econo Asia\u2122 li\u00ean k\u1ebft v\u1edbi AsiaNewswire.Net, xu\u1ea5t b\u1ea3n v\u00e0 ph\u00e2n ph\u1ed1i th\u00f4ng c\u00e1o b\u00e1o ch\u00ed cho c\u00e1c ph\u01b0\u01a1ng ti\u1ec7n truy\u1ec1n th\u00f4ng \u1edf Ch\u00e2u \u00c1.<\/p>\n<h3>Gi\u1edbi thi\u1ec7u v\u1ec1 Tri\u1ec3n v\u1ecdng kinh t\u1ebf ch\u00e2u \u00c1<\/h3>\n<h2> <\/h2>\n<h3>Tri\u1ec3n v\u1ecdng kinh t\u1ebf ch\u00e2u \u00c1 t\u1eadp trung v\u00e0o T\u00e0i ch\u00ednh, FinTech v\u00e0 Th\u1ecb tr\u01b0\u1eddng ch\u1ee9ng kho\u00e1n.<\/h3>\n<p>B\u1ed1i c\u1ea3nh kinh t\u1ebf ch\u00e2u \u00c1 v\u00e0o n\u0103m 2024 l\u00e0 minh ch\u1ee9ng cho kh\u1ea3 n\u0103ng ph\u1ee5c h\u1ed3i v\u00e0 \u0111\u1ed5i m\u1edbi c\u1ee7a khu v\u1ef1c, \u0111\u1eb7c bi\u1ec7t l\u00e0 trong l\u0129nh v\u1ef1c t\u00e0i ch\u00ednh, c\u00f4ng ngh\u1ec7 t\u00e0i ch\u00ednh v\u00e0 th\u1ecb tr\u01b0\u1eddng ch\u1ee9ng kho\u00e1n. B\u1ea5t ch\u1ea5p nh\u1eefng th\u00e1ch th\u1ee9c to\u00e0n c\u1ea7u, c\u00e1c n\u1ec1n kinh t\u1ebf ch\u00e2u \u00c1 v\u1eabn s\u1eb5n s\u00e0ng cho s\u1ef1 t\u0103ng tr\u01b0\u1edfng m\u1ea1nh m\u1ebd, t\u1eadn d\u1ee5ng nh\u1eefng ti\u1ebfn b\u1ed9 c\u00f4ng ngh\u1ec7 v\u00e0 ho\u1ea1ch \u0111\u1ecbnh ch\u00ednh s\u00e1ch chi\u1ebfn l\u01b0\u1ee3c \u0111\u1ec3 \u0111i\u1ec1u h\u01b0\u1edbng s\u1ef1 ph\u1ee9c t\u1ea1p c\u1ee7a th\u1ebf gi\u1edbi t\u00e0i ch\u00ednh hi\u1ec7n \u0111\u1ea1i.<\/p>\n<p>Tri\u1ec3n v\u1ecdng kinh t\u1ebf ch\u00e2u \u00c1 t\u1eadp trung v\u00e0o T\u00e0i ch\u00ednh, FinTech v\u00e0 Th\u1ecb tr\u01b0\u1eddng ch\u1ee9ng kho\u00e1n. B\u1ed1i c\u1ea3nh kinh t\u1ebf ch\u00e2u \u00c1 v\u00e0o n\u0103m 2024 l\u00e0 minh ch\u1ee9ng cho kh\u1ea3 n\u0103ng ph\u1ee5c h\u1ed3i v\u00e0 \u0111\u1ed5i m\u1edbi c\u1ee7a khu v\u1ef1c, \u0111\u1eb7c bi\u1ec7t l\u00e0 trong l\u0129nh v\u1ef1c t\u00e0i ch\u00ednh, c\u00f4ng ngh\u1ec7 t\u00e0i ch\u00ednh v\u00e0 th\u1ecb tr\u01b0\u1eddng ch\u1ee9ng kho\u00e1n. B\u1ea5t ch\u1ea5p nh\u1eefng th\u00e1ch th\u1ee9c to\u00e0n c\u1ea7u, c\u00e1c n\u1ec1n kinh t\u1ebf ch\u00e2u \u00c1 v\u1eabn s\u1eb5n s\u00e0ng cho s\u1ef1 t\u0103ng tr\u01b0\u1edfng m\u1ea1nh m\u1ebd, t\u1eadn d\u1ee5ng nh\u1eefng ti\u1ebfn b\u1ed9 c\u00f4ng ngh\u1ec7 v\u00e0 ho\u1ea1ch \u0111\u1ecbnh ch\u00ednh s\u00e1ch chi\u1ebfn l\u01b0\u1ee3c \u0111\u1ec3 \u0111i\u1ec1u h\u01b0\u1edbng s\u1ef1 ph\u1ee9c t\u1ea1p c\u1ee7a th\u1ebf gi\u1edbi t\u00e0i ch\u00ednh hi\u1ec7n \u0111\u1ea1i.<\/p>\n<p><strong>1. T\u00e0i ch\u00ednh:<\/strong><br \/>X\u01b0\u01a1ng s\u1ed1ng c\u1ee7a t\u0103ng tr\u01b0\u1edfng<br \/>Khu v\u1ef1c t\u00e0i ch\u00ednh \u1edf ch\u00e2u \u00c1 ti\u1ebfp t\u1ee5c l\u00e0 x\u01b0\u01a1ng s\u1ed1ng cho s\u1ef1 ph\u00e1t tri\u1ec3n kinh t\u1ebf c\u1ee7a khu v\u1ef1c. V\u1edbi t\u1ed1c \u0111\u1ed9 t\u0103ng tr\u01b0\u1edfng d\u1ef1 ki\u1ebfn \u200b\u200bl\u00e0 4,8% cho Ch\u00e2u \u00c1 v\u00e0 Th\u00e1i B\u00ecnh D\u01b0\u01a1ng, khu v\u1ef1c n\u00e0y v\u01b0\u1ee3t xa m\u1ee9c trung b\u00ecnh to\u00e0n c\u1ea7u, b\u00e1o hi\u1ec7u s\u1ef1 ph\u1ee5c h\u1ed3i m\u1ea1nh m\u1ebd v\u00e0 m\u1ed9t t\u01b0\u01a1ng lai \u0111\u1ea7y h\u1ee9a <sup>h\u1eb9n1<\/sup> . S\u1ef1 t\u0103ng tr\u01b0\u1edfng n\u00e0y \u0111\u01b0\u1ee3c c\u1ee7ng c\u1ed1 b\u1edfi s\u1ef1 gia t\u0103ng nhu c\u1ea7u trong n\u01b0\u1edbc \u1edf c\u00e1c n\u1ec1n kinh t\u1ebf m\u1edbi n\u1ed5i v\u00e0 s\u1ef1 gia t\u0103ng \u0111\u1ea7u t\u01b0 tr\u1ef1c ti\u1ebfp n\u01b0\u1edbc ngo\u00e0i, khi c\u00e1c c\u00f4ng ty \u0111a d\u1ea1ng h\u00f3a chu\u1ed7i cung \u1ee9ng s\u1ea3n xu\u1ea5t c\u1ee7a h\u1ecd h\u01b0\u1edbng t\u1edbi c\u00e1c qu\u1ed1c gia \u0110\u00f4ng Nam <sup>\u00c12<\/sup> . H\u01a1n n\u1eefa, c\u00e1c ng\u00e2n h\u00e0ng trung \u01b0\u01a1ng tr\u00ean to\u00e0n khu v\u1ef1c d\u1ef1 ki\u1ebfn \u200b\u200bs\u1ebd b\u1eaft \u0111\u1ea7u n\u1edbi l\u1ecfng ch\u00ednh s\u00e1ch ti\u1ec1n t\u1ec7, t\u1ea1o \u0111\u1ed9ng l\u1ef1c cho t\u0103ng tr\u01b0\u1edfng kinh t\u1ebf.<\/p>\n<p><strong>2. C\u00f4ng ngh\u1ec7 t\u00e0i ch\u00ednh:<\/strong><br \/>Ti\u00ean phong \u0111\u1ed5i m\u1edbi<br \/>FinTech \u0111\u1ee9ng \u1edf v\u1ecb tr\u00ed ti\u00ean phong trong \u0111\u1ed5i m\u1edbi kinh t\u1ebf ch\u00e2u \u00c1. L\u0129nh v\u1ef1c n\u00e0y d\u1ef1 ki\u1ebfn \u200b\u200bs\u1ebd ch\u1ee9ng ki\u1ebfn \u200b\u200bm\u1ed9t n\u0103m \u0111\u1ea7y bi\u1ebfn \u0111\u1ed5i, t\u1eadp trung v\u00e0o tr\u00ed tu\u1ec7 nh\u00e2n t\u1ea1o, h\u1ecdc m\u00e1y v\u00e0 s\u1ef1 h\u1ed3i sinh c\u1ee7a th\u1ecb tr\u01b0\u1eddng ti\u1ec1n \u0111i\u1ec7n t\u1eed. C\u00e1c ng\u00e2n h\u00e0ng k\u1ef9 thu\u1eadt s\u1ed1 \u0111ang ph\u00e1t tri\u1ec3n nhanh ch\u00f3ng v\u00e0 c\u00f3 s\u1ef1 thay \u0111\u1ed5i r\u00f5 r\u1ec7t theo h\u01b0\u1edbng b\u1ec1n v\u1eefng trong ngu\u1ed3n v\u1ed1n <sup>3<\/sup> . H\u1ec7 sinh th\u00e1i FinTech c\u0169ng \u0111\u01b0\u1ee3c k\u1ef3 v\u1ecdng s\u1ebd \u0111\u01b0\u1ee3c h\u01b0\u1edfng l\u1ee3i t\u1eeb s\u1ef1 h\u1ed7 tr\u1ee3 v\u1ec1 m\u1eb7t ph\u00e1p l\u00fd, th\u00fac \u0111\u1ea9y m\u00f4i tr\u01b0\u1eddng thu\u1eadn l\u1ee3i cho t\u0103ng tr\u01b0\u1edfng v\u00e0 \u0111\u1ed5i m\u1edbi. B\u01b0\u1edbc nh\u1ea3y v\u1ecdt v\u1ec1 c\u00f4ng ngh\u1ec7 n\u00e0y kh\u00f4ng ch\u1ec9 \u0111\u1ecbnh h\u00ecnh l\u1ea1i ng\u00e0nh d\u1ecbch v\u1ee5 t\u00e0i ch\u00ednh m\u00e0 c\u00f2n d\u00e2n ch\u1ee7 h\u00f3a kh\u1ea3 n\u0103ng ti\u1ebfp c\u1eadn c\u00e1c c\u00f4ng c\u1ee5 t\u00e0i ch\u00ednh cho \u0111\u1ea1i \u0111a s\u1ed1 ng\u01b0\u1eddi d\u00e2n.<\/p>\n<p><strong>3. Th\u1ecb tr\u01b0\u1eddng ch\u1ee9ng kho\u00e1n:<\/strong><br \/>Phong v\u0169 bi\u1ec3u c\u1ee7a ni\u1ec1m tin Th\u1ecb tr\u01b0\u1eddng ch\u1ee9ng kho\u00e1n \u1edf ch\u00e2u \u00c1 ph\u1ea3n \u00e1nh ni\u1ec1m tin c\u1ee7a c\u00e1c nh\u00e0 \u0111\u1ea7u t\u01b0 v\u00e0o tri\u1ec3n v\u1ecdng kinh t\u1ebf c\u1ee7a khu v\u1ef1c. M\u1eb7c d\u00f9 th\u1ecb tr\u01b0\u1eddng \u0111\u00e3 tr\u1ea3i qua nhi\u1ec1u bi\u1ebfn \u0111\u1ed9ng trong n\u0103m tr\u01b0\u1edbc nh\u01b0ng tri\u1ec3n v\u1ecdng cho n\u0103m 2024 v\u1eabn l\u1ea1c quan. C\u00e1c nh\u00e0 ph\u00e2n t\u00edch d\u1ef1 \u0111o\u00e1n l\u1ef1c h\u00fat hai chi\u1ec1u \u0111\u1ed1i v\u1edbi th\u1ecb tr\u01b0\u1eddng, v\u1edbi ti\u1ec1m n\u0103ng m\u1edf r\u1ed9ng gi\u00e1-thu nh\u1eadp v\u00e0 gi\u00e1 cao h\u01a1n, c\u00e2n b\u1eb1ng tr\u01b0\u1edbc nh\u1eefng th\u00e1ch th\u1ee9c c\u1ee7a t\u0103ng tr\u01b0\u1edfng kinh t\u1ebf y\u1ebfu v\u00e0 t\u1ef7 l\u1ec7 th\u1ea5t nghi\u1ec7p gia t\u0103ng \u1edf c\u00e1c th\u1ecb tr\u01b0\u1eddng tr\u1ecdng \u0111i\u1ec3m <sup><a href=\"https:\/\/www.jupiteram.com\/apac\/en\/institutional\/insights\/outlook-2024-asia-pacific-a-two-way-pull-for-stock-markets\/\">4<\/a><\/sup> . Di\u1ec5n bi\u1ebfn c\u1ee7a c\u00e1c ch\u1ec9 s\u1ed1 ch\u00ednh nh\u01b0 Nikkei 225 c\u1ee7a Nh\u1eadt B\u1ea3n v\u00e0 CSI 300 c\u1ee7a Trung Qu\u1ed1c s\u1ebd ti\u1ebfp t\u1ee5c l\u00e0 nh\u1eefng ch\u1ec9 s\u1ed1 quan tr\u1ecdng v\u1ec1 s\u1ee9c kh\u1ecfe kinh t\u1ebf v\u00e0 t\u00e2m l\u00fd nh\u00e0 \u0111\u1ea7u t\u01b0 trong khu v\u1ef1c.<\/p>\n<p><strong>4. K\u1ebft lu\u1eadn<\/strong><br \/>T\u00f3m l\u1ea1i, tri\u1ec3n v\u1ecdng kinh t\u1ebf ch\u00e2u \u00c1 \u0111\u1ebfn n\u0103m 2024 l\u00e0 c\u00e2u chuy\u1ec7n v\u1ec1 kh\u1ea3 n\u0103ng ph\u1ee5c h\u1ed3i v\u00e0 \u0111\u1ed5i m\u1edbi. Khu v\u1ef1c t\u00e0i ch\u00ednh v\u1eabn m\u1ea1nh m\u1ebd nh\u1edd nhu c\u1ea7u trong n\u01b0\u1edbc m\u1ea1nh m\u1ebd v\u00e0 ch\u00ednh s\u00e1ch ti\u1ec1n t\u1ec7 thu\u1eadn l\u1ee3i. FinTech lu\u00f4n \u0111i \u0111\u1ea7u trong \u0111\u1ed5i m\u1edbi c\u00f4ng ngh\u1ec7, th\u00fac \u0111\u1ea9y s\u1ef1 thay \u0111\u1ed5i v\u00e0 t\u00ednh to\u00e0n di\u1ec7n trong c\u00e1c d\u1ecbch v\u1ee5 t\u00e0i ch\u00ednh. Th\u1ecb tr\u01b0\u1eddng ch\u1ee9ng kho\u00e1n, trong khi ph\u1ea3n \u00e1nh xu h\u01b0\u1edbng kinh t\u1ebf to\u00e0n c\u1ea7u, cho th\u1ea5y d\u1ea5u hi\u1ec7u ni\u1ec1m tin c\u1ee7a nh\u00e0 \u0111\u1ea7u t\u01b0 v\u00e0o ti\u1ec1m n\u0103ng t\u0103ng tr\u01b0\u1edfng c\u1ee7a khu v\u1ef1c. C\u00f9ng v\u1edbi nhau, nh\u1eefng y\u1ebfu t\u1ed1 n\u00e0y v\u1ebd n\u00ean m\u1ed9t b\u1ee9c tranh v\u1ec1 m\u1ed9t ch\u00e2u \u00c1 n\u0103ng \u0111\u1ed9ng v\u00e0 h\u01b0\u1edbng t\u1edbi t\u01b0\u01a1ng lai, s\u1eb5n s\u00e0ng \u0111\u00f3n nh\u1eadn nh\u1eefng c\u01a1 h\u1ed9i v\u00e0 th\u00e1ch th\u1ee9c trong t\u01b0\u01a1ng lai.<\/p>\n<div id=\"simple-translate\" class=\"simple-translate-system-theme\">\n<div>\n<div class=\"simple-translate-button isShow\" style=\"background-image: url('moz-extension:\/\/d69783a5-e421-4888-b879-5e84ce93d3cf\/icons\/512.png'); height: 22px; width: 22px; top: 58px; left: 71px;\"> <\/div>\n<div class=\"simple-translate-panel \" style=\"width: 300px; height: 200px; top: 0px; left: 0px; font-size: 13px;\">\n<div class=\"simple-translate-result-wrapper\" style=\"overflow: hidden;\">\n<div class=\"simple-translate-move\" draggable=\"true\"> <\/div>\n<div class=\"simple-translate-result-contents\">\n<p class=\"simple-translate-result\" dir=\"auto\">\n<p class=\"simple-translate-candidate\" dir=\"auto\">\n<\/div>\n<\/div>\n<\/div>\n<\/div>\n<\/div>\n\t\t\t\t\t\t\t\t<\/div>\n\t\t\t\t<\/div>\n\t\t\t\t\t<\/div>\n\t\t<\/div>\n\t\t\t\t<div class=\"elementor-column elementor-col-33 elementor-top-column elementor-element elementor-element-1a94a3ae rb-sticky is-sidebar\" data-id=\"1a94a3ae\" data-element_type=\"column\" data-e-type=\"column\">\n\t\t\t<div class=\"elementor-widget-wrap elementor-element-populated\">\n\t\t\t\t\t\t<div class=\"elementor-element elementor-element-43fe9356 elementor-widget elementor-widget-foxiz-heading\" data-id=\"43fe9356\" data-element_type=\"widget\" data-e-type=\"widget\" data-widget_type=\"foxiz-heading.default\">\n\t\t\t\t<div class=\"elementor-widget-container\">\n\t\t\t\t\t<div id=\"uid_43fe9356\" class=\"block-h heading-layout-5\"><div class=\"heading-inner\"><h2 class=\"heading-title\"><span>Tin m\u1edbi nh\u1ea5t<\/span><\/h2><\/div><\/div>\t\t\t\t<\/div>\n\t\t\t\t<\/div>\n\t\t\t\t<div class=\"elementor-element elementor-element-4c9fa05 flipped-no elementor-widget elementor-widget-foxiz-list-flex\" data-id=\"4c9fa05\" data-element_type=\"widget\" data-e-type=\"widget\" data-widget_type=\"foxiz-list-flex.default\">\n\t\t\t\t<div class=\"elementor-widget-container\">\n\t\t\t\t\t<div id=\"uid_4c9fa05\" class=\"block-wrap block-list block-list-flex rb-columns rb-col-1 is-gap-20 ecat-bg-1 meta-s-default\"><div class=\"block-inner\">\t\t<div class=\"p-wrap p-list p-list-2\" data-pid=\"9926\">\r\n\t\t\t\t<div class=\"list-holder\">\r\n\t\t\t\t\t\t<div class=\"p-content\">\r\n\t\t\t\t<h3 class=\"entry-title\">\t\t<a class=\"p-url\" href=\"https:\/\/econoasia.com\/vi\/bingx-launches-ethereum-layer-2-bitcoin-layer-2-and-web3-game-token-airdrop-guide-for-2024\/\" rel=\"bookmark\">\r\n\t\tBingX Launches Ethereum Layer 2, Bitcoin Layer 2, and Web3 Game Token Airdrop Guide for 2024\t\t<\/a>\r\n\t\t<\/h3>\t\t\t<div class=\"p-meta has-bookmark\">\r\n\t\t\t\t<div class=\"meta-inner is-meta\">\r\n\t\t\t\t\t\t\t<a class=\"meta-el meta-avatar\" href=\"https:\/\/econoasia.com\/vi\/author\/admin\/\" rel=\"nofollow\" aria-label=\"Visit posts by NEWSROOM\">\r\n\t\t<img loading=\"lazy\" loading=\"lazy\" decoding=\"async\" src=\"https:\/\/econoasia.com\/wp-content\/uploads\/2024\/04\/EconoAsia-Favicon-1.png\" width=\"44\" height=\"24\" srcset=\"https:\/\/econoasia.com\/wp-content\/uploads\/2024\/04\/EconoAsia-Favicon-1.png 2x\" alt=\"NEWSROOM\" class=\"avatar avatar-44 wp-user-avatar wp-user-avatar-44 alignnone photo\" \/>\t\t\t<\/a>\r\n\t\t\t\t<div class=\"meta-el meta-author\">\r\n\t\t\t<a href=\"https:\/\/econoasia.com\/vi\/author\/admin\/\">NEWSROOM<\/a>\t\t<\/div>\r\n\t\t\t\t<div class=\"meta-el meta-update\">\r\n\t\t\t\t\t\t<time\r\n\t\t\tclass=\"updated\"\t\t\tdatetime=\"2024-08-28T15:59:29+00:00\">August 28, 2024<\/time>\r\n\t\t<\/div>\r\n\t\t\t\t\t\t<\/div>\r\n\t\t\t\t<span class=\"rb-bookmark bookmark-trigger\" data-pid=\"9926\"><\/span>\t\t\t<\/div>\r\n\t\t\t\t\t\t<\/div>\r\n\t\t<\/div>\r\n\t\t\t\t<\/div>\r\n\t\t\t\t<div class=\"p-wrap p-list p-list-2\" data-pid=\"9925\">\r\n\t\t\t\t<div class=\"list-holder\">\r\n\t\t\t\t\t\t<div class=\"p-content\">\r\n\t\t\t\t<h3 class=\"entry-title\">\t\t<a class=\"p-url\" href=\"https:\/\/econoasia.com\/vi\/xuat-khau-tom-sang-my-tiep-tuc-kha-quan\/\" rel=\"bookmark\">\r\n\t\tXu\u1ea5t kh\u1ea9u t\u00f4m sang M\u1ef9 ti\u1ebfp t\u1ee5c kh\u1ea3 quan\t\t<\/a>\r\n\t\t<\/h3>\t\t\t<div class=\"p-meta has-bookmark\">\r\n\t\t\t\t<div class=\"meta-inner is-meta\">\r\n\t\t\t\t\t\t\t<a class=\"meta-el meta-avatar\" href=\"https:\/\/econoasia.com\/vi\/author\/admin\/\" rel=\"nofollow\" aria-label=\"Visit posts by NEWSROOM\">\r\n\t\t<img loading=\"lazy\" loading=\"lazy\" decoding=\"async\" src=\"https:\/\/econoasia.com\/wp-content\/uploads\/2024\/04\/EconoAsia-Favicon-1.png\" width=\"44\" height=\"24\" srcset=\"https:\/\/econoasia.com\/wp-content\/uploads\/2024\/04\/EconoAsia-Favicon-1.png 2x\" alt=\"NEWSROOM\" class=\"avatar avatar-44 wp-user-avatar wp-user-avatar-44 alignnone photo\" \/>\t\t\t<\/a>\r\n\t\t\t\t<div class=\"meta-el meta-author\">\r\n\t\t\t<a href=\"https:\/\/econoasia.com\/vi\/author\/admin\/\">NEWSROOM<\/a>\t\t<\/div>\r\n\t\t\t\t<div class=\"meta-el meta-update\">\r\n\t\t\t\t\t\t<time\r\n\t\t\tclass=\"updated\"\t\t\tdatetime=\"2024-08-28T15:54:28+00:00\">August 28, 2024<\/time>\r\n\t\t<\/div>\r\n\t\t\t\t\t\t<\/div>\r\n\t\t\t\t<span class=\"rb-bookmark bookmark-trigger\" data-pid=\"9925\"><\/span>\t\t\t<\/div>\r\n\t\t\t\t\t\t<\/div>\r\n\t\t<\/div>\r\n\t\t\t\t<\/div>\r\n\t\t\t\t<div class=\"p-wrap p-list p-list-2\" data-pid=\"9924\">\r\n\t\t\t\t<div class=\"list-holder\">\r\n\t\t\t\t\t\t<div class=\"p-content\">\r\n\t\t\t\t<h3 class=\"entry-title\">\t\t<a class=\"p-url\" href=\"https:\/\/econoasia.com\/vi\/nganh-thuy-san-nhat-ban-rung-chuyen-sau-khi-trung-quoc-dung-nhap-khau\/\" rel=\"bookmark\">\r\n\t\tNg\u00e0nh thu\u1ef7 s\u1ea3n Nh\u1eadt B\u1ea3n rung chuy\u1ec3n sau khi Trung Qu\u1ed1c d\u1eebng nh\u1eadp kh\u1ea9u\t\t<\/a>\r\n\t\t<\/h3>\t\t\t<div class=\"p-meta has-bookmark\">\r\n\t\t\t\t<div class=\"meta-inner is-meta\">\r\n\t\t\t\t\t\t\t<a class=\"meta-el meta-avatar\" href=\"https:\/\/econoasia.com\/vi\/author\/admin\/\" rel=\"nofollow\" aria-label=\"Visit posts by NEWSROOM\">\r\n\t\t<img loading=\"lazy\" loading=\"lazy\" decoding=\"async\" src=\"https:\/\/econoasia.com\/wp-content\/uploads\/2024\/04\/EconoAsia-Favicon-1.png\" width=\"44\" height=\"24\" srcset=\"https:\/\/econoasia.com\/wp-content\/uploads\/2024\/04\/EconoAsia-Favicon-1.png 2x\" alt=\"NEWSROOM\" class=\"avatar avatar-44 wp-user-avatar wp-user-avatar-44 alignnone photo\" \/>\t\t\t<\/a>\r\n\t\t\t\t<div class=\"meta-el meta-author\">\r\n\t\t\t<a href=\"https:\/\/econoasia.com\/vi\/author\/admin\/\">NEWSROOM<\/a>\t\t<\/div>\r\n\t\t\t\t<div class=\"meta-el meta-update\">\r\n\t\t\t\t\t\t<time\r\n\t\t\tclass=\"updated\"\t\t\tdatetime=\"2024-08-28T15:39:24+00:00\">August 28, 2024<\/time>\r\n\t\t<\/div>\r\n\t\t\t\t\t\t<\/div>\r\n\t\t\t\t<span class=\"rb-bookmark bookmark-trigger\" data-pid=\"9924\"><\/span>\t\t\t<\/div>\r\n\t\t\t\t\t\t<\/div>\r\n\t\t<\/div>\r\n\t\t\t\t<\/div>\r\n\t\t<\/div><\/div>\t\t\t\t<\/div>\n\t\t\t\t<\/div>\n\t\t\t\t\t<\/div>\n\t\t<\/div>\n\t\t\t\t\t<\/div>\n\t\t<\/section>\n\t\t\t\t<\/div>\n\t\t","protected":false},"excerpt":{"rendered":"<p>V\u1ec1 ch\u00fang t\u00f4i Gi\u1edbi thi\u1ec7u v\u1ec1 Econo Asia\u2122 Econo Asia\u2122 xu\u1ea5t b\u1ea3n tin t\u1ee9c v\u1ec1 tri\u1ec3n v\u1ecdng kinh t\u1ebf c\u1ee7a ch\u00e2u \u00c1, t\u1eadp trung v\u00e0o T\u00e0i ch\u00ednh, C\u00f4ng ngh\u1ec7 t\u00e0i ch\u00ednh v\u00e0 Th\u1ecb tr\u01b0\u1eddng ch\u1ee9ng kho\u00e1n. Tin t\u1ee9c \u0111\u01b0\u1ee3c t\u1ed5ng h\u1ee3p v\u00e0 xu\u1ea5t b\u1ea3n ngay khi c\u00f3 tr\u00ean web. Econo Asia\u2122 l\u00e0 m\u1ed9t ph\u1ea7n c\u1ee7a [&hellip;]<\/p>\n","protected":false},"author":1,"featured_media":0,"parent":0,"menu_order":0,"comment_status":"closed","ping_status":"closed","template":"","meta":{"footnotes":""},"class_list":["post-4986","page","type-page","status-publish"],"_links":{"self":[{"href":"https:\/\/econoasia.com\/vi\/wp-json\/wp\/v2\/pages\/4986","targetHints":{"allow":["GET"]}}],"collection":[{"href":"https:\/\/econoasia.com\/vi\/wp-json\/wp\/v2\/pages"}],"about":[{"href":"https:\/\/econoasia.com\/vi\/wp-json\/wp\/v2\/types\/page"}],"author":[{"embeddable":true,"href":"https:\/\/econoasia.com\/vi\/wp-json\/wp\/v2\/users\/1"}],"replies":[{"embeddable":true,"href":"https:\/\/econoasia.com\/vi\/wp-json\/wp\/v2\/comments?post=4986"}],"version-history":[{"count":1,"href":"https:\/\/econoasia.com\/vi\/wp-json\/wp\/v2\/pages\/4986\/revisions"}],"predecessor-version":[{"id":4988,"href":"https:\/\/econoasia.com\/vi\/wp-json\/wp\/v2\/pages\/4986\/revisions\/4988"}],"wp:attachment":[{"href":"https:\/\/econoasia.com\/vi\/wp-json\/wp\/v2\/media?parent=4986"}],"curies":[{"name":"wp","href":"https:\/\/api.w.org\/{rel}","templated":true}]}}